{"id":1072,"date":"2026-03-20T02:13:13","date_gmt":"2026-03-19T23:13:13","guid":{"rendered":"https:\/\/progemmakina.com\/?page_id=1072"},"modified":"2026-03-20T02:19:07","modified_gmt":"2026-03-19T23:19:07","slug":"faaliyet-alanlarimiz","status":"publish","type":"page","link":"https:\/\/progemmakina.com\/index.php\/faaliyet-alanlarimiz\/","title":{"rendered":"Faaliyet Alanlar\u0131m\u0131z"},"content":{"rendered":"\t\t<div data-elementor-type=\"wp-page\" data-elementor-id=\"1072\" class=\"elementor elementor-1072\">\n\t\t\t\t<div class=\"elementor-element elementor-element-4c23730 e-flex e-con-boxed e-con e-parent\" data-id=\"4c23730\" data-element_type=\"container\" data-e-type=\"container\" data-settings=\"{&quot;background_background&quot;:&quot;classic&quot;}\">\n\t\t\t\t\t<div class=\"e-con-inner\">\n\t\t<div class=\"elementor-element elementor-element-8ffc026 e-con-full e-flex e-con e-child\" data-id=\"8ffc026\" data-element_type=\"container\" data-e-type=\"container\" data-settings=\"{&quot;background_background&quot;:&quot;classic&quot;}\">\n\t\t\t\t<div class=\"elementor-element elementor-element-98f92eb elementor-widget elementor-widget-heading\" data-id=\"98f92eb\" data-element_type=\"widget\" data-e-type=\"widget\" data-widget_type=\"heading.default\">\n\t\t\t\t\t<h1 class=\"elementor-heading-title elementor-size-default\">Faaliyet Alanlar\u0131m\u0131z: Sekt\u00f6rel Uzmanl\u0131k ve \u00c7\u00f6z\u00fcm G\u00fcc\u00fc<\/h1>\t\t\t\t<\/div>\n\t\t\t\t<div class=\"elementor-element elementor-element-2cbcbcd elementor-widget elementor-widget-heading\" data-id=\"2cbcbcd\" data-element_type=\"widget\" data-e-type=\"widget\" data-widget_type=\"heading.default\">\n\t\t\t\t\t<h3 class=\"elementor-heading-title elementor-size-default\">\u2714\ufe0f G\u0131da \u0130\u015fleme Sistemleri\n\u2714\ufe0f Kimya ve End\u00fcstriyel Tesisler\n\u2714\ufe0f \u00d6zel Proje \u00dcretimleri<\/h3>\t\t\t\t<\/div>\n\t\t\t\t<\/div>\n\t\t\t\t\t<\/div>\n\t\t\t\t<\/div>\n\t\t<div class=\"elementor-element elementor-element-e7f9d3c e-flex e-con-boxed e-con e-parent\" data-id=\"e7f9d3c\" data-element_type=\"container\" data-e-type=\"container\" data-settings=\"{&quot;background_background&quot;:&quot;classic&quot;}\">\n\t\t\t\t\t<div class=\"e-con-inner\">\n\t\t<div class=\"elementor-element elementor-element-0a748d1 e-con-full e-flex e-con e-child\" data-id=\"0a748d1\" data-element_type=\"container\" data-e-type=\"container\">\n\t\t\t\t<div class=\"elementor-element elementor-element-cb823e3 elementor-widget__width-initial elementor-widget elementor-widget-image\" data-id=\"cb823e3\" data-element_type=\"widget\" data-e-type=\"widget\" data-widget_type=\"image.default\">\n\t\t\t\t\t\t\t\t\t\t\t\t\t\t\t<img fetchpriority=\"high\" decoding=\"async\" width=\"963\" height=\"470\" src=\"https:\/\/progemmakina.com\/wp-content\/uploads\/2026\/03\/logo.png\" class=\"attachment-large size-large wp-image-854\" alt=\"\" srcset=\"https:\/\/progemmakina.com\/wp-content\/uploads\/2026\/03\/logo.png 963w, https:\/\/progemmakina.com\/wp-content\/uploads\/2026\/03\/logo-500x244.png 500w, https:\/\/progemmakina.com\/wp-content\/uploads\/2026\/03\/logo-300x146.png 300w, https:\/\/progemmakina.com\/wp-content\/uploads\/2026\/03\/logo-768x375.png 768w, https:\/\/progemmakina.com\/wp-content\/uploads\/2026\/03\/logo-150x73.png 150w, https:\/\/progemmakina.com\/wp-content\/uploads\/2026\/03\/logo-960x470.png 960w, https:\/\/progemmakina.com\/wp-content\/uploads\/2026\/03\/logo-700x342.png 700w\" sizes=\"(max-width:767px) 700px, (max-width:963px) 100vw, 963px\" \/>\t\t\t\t\t\t\t\t\t\t\t\t\t\t\t<\/div>\n\t\t<div class=\"elementor-element elementor-element-f2197dd e-con-full e-flex e-con e-child\" data-id=\"f2197dd\" data-element_type=\"container\" data-e-type=\"container\">\n\t\t\t\t<div class=\"elementor-element elementor-element-4891da1 elementor-widget elementor-widget-heading\" data-id=\"4891da1\" data-element_type=\"widget\" data-e-type=\"widget\" data-widget_type=\"heading.default\">\n\t\t\t\t\t<h3 class=\"elementor-heading-title elementor-size-default\">Farkl\u0131 sekt\u00f6rlere \u00f6zel, y\u00fcksek verimli ve projeye \u00f6zel makina ve \u00fcretim hatlar\u0131 geli\u015ftiriyoruz.<\/h3>\t\t\t\t<\/div>\n\t\t\t\t<div class=\"elementor-element elementor-element-f555539 elementor-widget elementor-widget-text-editor\" data-id=\"f555539\" data-element_type=\"widget\" data-e-type=\"widget\" data-widget_type=\"text-editor.default\">\n\t\t\t\t\t\t\t\t\t<p data-start=\"232\" data-end=\"365\">Progem Makina, g\u0131da, kimya ve end\u00fcstriyel \u00fcretim alanlar\u0131nda geni\u015f bir sekt\u00f6r yelpazesine \u00f6zel makina ve hat \u00e7\u00f6z\u00fcmleri sunmaktad\u0131r.<\/p><p data-start=\"367\" data-end=\"507\">Her sekt\u00f6r\u00fcn ihtiya\u00e7lar\u0131n\u0131 analiz ederek, \u00fcretim s\u00fcre\u00e7lerini daha verimli, hijyenik ve s\u00fcrd\u00fcr\u00fclebilir hale getiren sistemler tasarl\u0131yoruz.<\/p><p data-start=\"509\" data-end=\"667\">Kuru meyve i\u015fleme tesislerinden ya\u015f sebze ve meyve hatlar\u0131na, kimya ve \u00f6zel \u00fcretim sistemlerine kadar farkl\u0131 alanlarda projeye \u00f6zel \u00e7\u00f6z\u00fcmler geli\u015ftiriyoruz.<\/p><p data-start=\"669\" data-end=\"793\">Y\u00fcksek kalite standartlar\u0131na uygun \u00fcretim anlay\u0131\u015f\u0131m\u0131z ile her sekt\u00f6re \u00f6zel maksimum performans sa\u011flayan sistemler sunuyoruz.<\/p>\t\t\t\t\t\t\t\t<\/div>\n\t\t\t\t<\/div>\n\t\t\t\t<\/div>\n\t\t\t\t\t<\/div>\n\t\t\t\t<\/div>\n\t\t<div class=\"elementor-element elementor-element-91547d1 e-flex e-con-boxed e-con e-parent\" data-id=\"91547d1\" data-element_type=\"container\" data-e-type=\"container\" data-settings=\"{&quot;background_background&quot;:&quot;classic&quot;}\">\n\t\t\t\t\t<div class=\"e-con-inner\">\n\t\t<div class=\"elementor-element elementor-element-2a6d081 e-con-full e-flex e-con e-child\" data-id=\"2a6d081\" data-element_type=\"container\" data-e-type=\"container\">\n\t\t\t\t<div class=\"elementor-element elementor-element-3fd9c0a elementor-widget elementor-widget-heading\" data-id=\"3fd9c0a\" data-element_type=\"widget\" data-e-type=\"widget\" data-widget_type=\"heading.default\">\n\t\t\t\t\t<h3 class=\"elementor-heading-title elementor-size-default\">Projeniz \u0130\u00e7in Do\u011fru \u00c7\u00f6z\u00fcm Orta\u011f\u0131n\u0131 Se\u00e7in<\/h3>\t\t\t\t<\/div>\n\t\t\t\t<div class=\"elementor-element elementor-element-ee81211 elementor-widget elementor-widget-text-editor\" data-id=\"ee81211\" data-element_type=\"widget\" data-e-type=\"widget\" data-widget_type=\"text-editor.default\">\n\t\t\t\t\t\t\t\t\t<p>Progem Makina, \u00fcretim s\u00fcre\u00e7lerinizi optimize eden \u00f6zel makina ve hat \u00e7\u00f6z\u00fcmleri sunar.<br data-start=\"350\" data-end=\"353\" \/>\u0130htiyac\u0131n\u0131za en uygun sistemi birlikte planlayal\u0131m.<\/p>\t\t\t\t\t\t\t\t<\/div>\n\t\t\t\t<div class=\"elementor-element elementor-element-e2b8149 elementor-align-center elementor-widget elementor-widget-button\" data-id=\"e2b8149\" data-element_type=\"widget\" data-e-type=\"widget\" data-widget_type=\"button.default\">\n\t\t\t\t\t\t\t\t\t\t<a class=\"elementor-button elementor-button-link elementor-size-sm\" href=\"https:\/\/progemmakina.com\/index.php\/contact#con\">\n\t\t\t\t\t\t<span class=\"elementor-button-content-wrapper\">\n\t\t\t\t\t\t\t\t\t<span class=\"elementor-button-text\">Teklif Al<\/span>\n\t\t\t\t\t<\/span>\n\t\t\t\t\t<\/a>\n\t\t\t\t\t\t\t\t<\/div>\n\t\t\t\t<\/div>\n\t\t\t\t\t<\/div>\n\t\t\t\t<\/div>\n\t\t<div class=\"elementor-element elementor-element-3705e8b6 e-flex e-con-boxed e-con e-parent\" data-id=\"3705e8b6\" data-element_type=\"container\" data-e-type=\"container\" data-settings=\"{&quot;background_background&quot;:&quot;classic&quot;}\">\n\t\t\t\t\t<div class=\"e-con-inner\">\n\t\t<div class=\"elementor-element elementor-element-19cc678f e-con-full e-flex e-con e-child\" data-id=\"19cc678f\" data-element_type=\"container\" data-e-type=\"container\" data-settings=\"{&quot;background_background&quot;:&quot;classic&quot;}\">\n\t\t<div class=\"elementor-element elementor-element-5706dd47 e-con-full e-flex e-con e-child\" data-id=\"5706dd47\" data-element_type=\"container\" data-e-type=\"container\" data-settings=\"{&quot;background_background&quot;:&quot;classic&quot;}\">\n\t\t\t\t<div class=\"elementor-element elementor-element-2e5eb31 elementor-widget elementor-widget-image\" data-id=\"2e5eb31\" data-element_type=\"widget\" data-e-type=\"widget\" data-widget_type=\"image.default\">\n\t\t\t\t\t\t\t\t\t\t\t\t\t\t\t<img decoding=\"async\" src=\"https:\/\/progemmakina.com\/wp-content\/uploads\/2025\/12\/hardwarestore-quoteicon.svg\" title=\"\" alt=\"\" loading=\"lazy\" \/>\t\t\t\t\t\t\t\t\t\t\t\t\t\t\t<\/div>\n\t\t\t\t<div class=\"elementor-element elementor-element-33fef700 elementor-widget elementor-widget-heading\" data-id=\"33fef700\" data-element_type=\"widget\" data-e-type=\"widget\" data-widget_type=\"heading.default\">\n\t\t\t\t\t<h4 class=\"elementor-heading-title elementor-size-default\">\ud83d\udfe9 1. GIDA \u0130\u015eLEME TES\u0130SLER\u0130<\/h4>\t\t\t\t<\/div>\n\t\t\t\t<\/div>\n\t\t\t\t<\/div>\n\t\t<div class=\"elementor-element elementor-element-6b4fd088 e-con-full e-flex e-con e-child\" data-id=\"6b4fd088\" data-element_type=\"container\" data-e-type=\"container\" data-settings=\"{&quot;background_background&quot;:&quot;classic&quot;}\">\n\t\t\t\t<div class=\"elementor-element elementor-element-b0b52af elementor-widget elementor-widget-text-editor\" data-id=\"b0b52af\" data-element_type=\"widget\" data-e-type=\"widget\" data-widget_type=\"text-editor.default\">\n\t\t\t\t\t\t\t\t\t<ul><li data-section-id=\"tutnvs\" data-start=\"358\" data-end=\"378\"><p data-start=\"360\" data-end=\"378\">Kuru \u00dcz\u00fcm \u0130\u015fleme<\/p><\/li><li data-section-id=\"1gek121\" data-start=\"379\" data-end=\"400\"><p data-start=\"381\" data-end=\"400\">Kuru \u0130ncir \u0130\u015fleme<\/p><\/li><li data-section-id=\"m190lb\" data-start=\"401\" data-end=\"423\"><p data-start=\"403\" data-end=\"423\">Kuru Kay\u0131s\u0131 \u0130\u015fleme<\/p><\/li><li data-section-id=\"4ih1ju\" data-start=\"424\" data-end=\"447\"><p data-start=\"426\" data-end=\"447\">Kuru Domates \u0130\u015fleme<\/p><\/li><li data-section-id=\"1smu06u\" data-start=\"448\" data-end=\"467\"><p data-start=\"450\" data-end=\"467\">Ya\u015f \u00dcz\u00fcm \u0130\u015fleme<\/p><\/li><li data-section-id=\"16xdv1c\" data-start=\"468\" data-end=\"489\"><p data-start=\"470\" data-end=\"489\">Ya\u015f Sebze &amp; Meyve<\/p><\/li><li data-section-id=\"cnibvx\" data-start=\"490\" data-end=\"506\"><p data-start=\"492\" data-end=\"506\">Kiraz \u0130\u015fleme<\/p><\/li><li data-section-id=\"1ew6s6d\" data-start=\"507\" data-end=\"528\"><p data-start=\"509\" data-end=\"528\">Zeytinya\u011f\u0131 \u0130\u015fleme<\/p><\/li><li data-section-id=\"c7mw79\" data-start=\"529\" data-end=\"547\"><p data-start=\"531\" data-end=\"547\">Kestane \u0130\u015fleme<\/p><\/li><li data-section-id=\"11pyc3h\" data-start=\"548\" data-end=\"562\"><p data-start=\"550\" data-end=\"562\">S\u00fct \u0130\u015fleme<\/p><\/li><li data-section-id=\"mbx1sq\" data-start=\"563\" data-end=\"587\"><p data-start=\"565\" data-end=\"587\">Salatal\u0131k (Korni\u015fon)<\/p><\/li><li data-section-id=\"1ttlzt2\" data-start=\"588\" data-end=\"605\"><p data-start=\"590\" data-end=\"605\">Kapari \u0130\u015fleme<\/p><\/li><li data-section-id=\"1if46pi\" data-start=\"606\" data-end=\"628\"><p data-start=\"608\" data-end=\"628\">Salamura Tesisleri<\/p><\/li><li data-section-id=\"1hm80bz\" data-start=\"629\" data-end=\"650\"><p data-start=\"631\" data-end=\"650\">Baharat Tesisleri<\/p><\/li><li data-section-id=\"136ybwy\" data-start=\"651\" data-end=\"672\"><p data-start=\"653\" data-end=\"672\">Bisk\u00fcvi Tesisleri<\/p><\/li><\/ul>\t\t\t\t\t\t\t\t<\/div>\n\t\t\t\t<\/div>\n\t\t\t\t\t<\/div>\n\t\t\t\t<\/div>\n\t\t<div class=\"elementor-element elementor-element-dce995d e-flex e-con-boxed e-con e-parent\" data-id=\"dce995d\" data-element_type=\"container\" data-e-type=\"container\" data-settings=\"{&quot;background_background&quot;:&quot;classic&quot;}\">\n\t\t\t\t\t<div class=\"e-con-inner\">\n\t\t<div class=\"elementor-element elementor-element-9130cc1 e-con-full e-flex e-con e-child\" data-id=\"9130cc1\" data-element_type=\"container\" data-e-type=\"container\" data-settings=\"{&quot;background_background&quot;:&quot;classic&quot;}\">\n\t\t<div class=\"elementor-element elementor-element-4b9460d e-con-full e-flex e-con e-child\" data-id=\"4b9460d\" data-element_type=\"container\" data-e-type=\"container\" data-settings=\"{&quot;background_background&quot;:&quot;classic&quot;}\">\n\t\t\t\t<div class=\"elementor-element elementor-element-84e30b9 elementor-widget elementor-widget-image\" data-id=\"84e30b9\" data-element_type=\"widget\" data-e-type=\"widget\" data-widget_type=\"image.default\">\n\t\t\t\t\t\t\t\t\t\t\t\t\t\t\t<img decoding=\"async\" src=\"https:\/\/progemmakina.com\/wp-content\/uploads\/2025\/12\/hardwarestore-quoteicon.svg\" title=\"\" alt=\"\" loading=\"lazy\" \/>\t\t\t\t\t\t\t\t\t\t\t\t\t\t\t<\/div>\n\t\t\t\t<div class=\"elementor-element elementor-element-f1746e9 elementor-widget elementor-widget-heading\" data-id=\"f1746e9\" data-element_type=\"widget\" data-e-type=\"widget\" data-widget_type=\"heading.default\">\n\t\t\t\t\t<h4 class=\"elementor-heading-title elementor-size-default\">\ud83d\udfe9 2. END\u00dcSTR\u0130YEL &amp; K\u0130MYA TES\u0130SLER\u0130<\/h4>\t\t\t\t<\/div>\n\t\t\t\t<\/div>\n\t\t\t\t<\/div>\n\t\t<div class=\"elementor-element elementor-element-dc9df35 e-con-full e-flex e-con e-child\" data-id=\"dc9df35\" data-element_type=\"container\" data-e-type=\"container\" data-settings=\"{&quot;background_background&quot;:&quot;classic&quot;}\">\n\t\t\t\t<div class=\"elementor-element elementor-element-d6e958f elementor-widget elementor-widget-text-editor\" data-id=\"d6e958f\" data-element_type=\"widget\" data-e-type=\"widget\" data-widget_type=\"text-editor.default\">\n\t\t\t\t\t\t\t\t\t<ul><li data-section-id=\"c0m2qz\" data-start=\"719\" data-end=\"748\"><p data-start=\"721\" data-end=\"748\">Kimya &amp; Plastik Tesisleri<\/p><\/li><li data-section-id=\"qwms3p\" data-start=\"749\" data-end=\"771\"><p data-start=\"751\" data-end=\"771\">Deterjan Tesisleri<\/p><\/li><li data-section-id=\"yv7owz\" data-start=\"772\" data-end=\"793\"><p data-start=\"774\" data-end=\"793\">Kurutma Tesisleri<\/p><\/li><li data-section-id=\"b6jier\" data-start=\"794\" data-end=\"811\"><p data-start=\"796\" data-end=\"811\">Yem Tesisleri<\/p><\/li><\/ul>\t\t\t\t\t\t\t\t<\/div>\n\t\t\t\t<\/div>\n\t\t\t\t\t<\/div>\n\t\t\t\t<\/div>\n\t\t<div class=\"elementor-element elementor-element-a9e79f4 e-flex e-con-boxed e-con e-parent\" data-id=\"a9e79f4\" data-element_type=\"container\" data-e-type=\"container\" data-settings=\"{&quot;background_background&quot;:&quot;classic&quot;}\">\n\t\t\t\t\t<div class=\"e-con-inner\">\n\t\t<div class=\"elementor-element elementor-element-bfb7ec2 e-con-full e-flex e-con e-child\" data-id=\"bfb7ec2\" data-element_type=\"container\" data-e-type=\"container\" data-settings=\"{&quot;background_background&quot;:&quot;classic&quot;}\">\n\t\t<div class=\"elementor-element elementor-element-f716263 e-con-full e-flex e-con e-child\" data-id=\"f716263\" data-element_type=\"container\" data-e-type=\"container\" data-settings=\"{&quot;background_background&quot;:&quot;classic&quot;}\">\n\t\t\t\t<div class=\"elementor-element elementor-element-df3528c elementor-widget elementor-widget-image\" data-id=\"df3528c\" data-element_type=\"widget\" data-e-type=\"widget\" data-widget_type=\"image.default\">\n\t\t\t\t\t\t\t\t\t\t\t\t\t\t\t<img decoding=\"async\" src=\"https:\/\/progemmakina.com\/wp-content\/uploads\/2025\/12\/hardwarestore-quoteicon.svg\" title=\"\" alt=\"\" loading=\"lazy\" \/>\t\t\t\t\t\t\t\t\t\t\t\t\t\t\t<\/div>\n\t\t\t\t<div class=\"elementor-element elementor-element-385669d elementor-widget elementor-widget-heading\" data-id=\"385669d\" data-element_type=\"widget\" data-e-type=\"widget\" data-widget_type=\"heading.default\">\n\t\t\t\t\t<h4 class=\"elementor-heading-title elementor-size-default\">\ud83d\udfe9 3. TA\u015eIMA &amp; EK\u0130PMAN S\u0130STEMLER\u0130<\/h4>\t\t\t\t<\/div>\n\t\t\t\t<\/div>\n\t\t\t\t<\/div>\n\t\t<div class=\"elementor-element elementor-element-ed585fb e-con-full e-flex e-con e-child\" data-id=\"ed585fb\" data-element_type=\"container\" data-e-type=\"container\" data-settings=\"{&quot;background_background&quot;:&quot;classic&quot;}\">\n\t\t\t\t<div class=\"elementor-element elementor-element-cc5a658 elementor-widget elementor-widget-text-editor\" data-id=\"cc5a658\" data-element_type=\"widget\" data-e-type=\"widget\" data-widget_type=\"text-editor.default\">\n\t\t\t\t\t\t\t\t\t<ul data-start=\"856\" data-end=\"979\"><li data-section-id=\"1iwoz7s\" data-start=\"856\" data-end=\"875\"><p data-start=\"858\" data-end=\"875\">Ta\u015f\u0131ma Bantlar\u0131<\/p><\/li><li data-section-id=\"19fvbf4\" data-start=\"876\" data-end=\"898\"><p data-start=\"878\" data-end=\"898\">Helezon Sistemleri<\/p><\/li><li data-section-id=\"qlvga7\" data-start=\"899\" data-end=\"918\"><p data-start=\"901\" data-end=\"918\">\u0130stif Arabalar\u0131<\/p><\/li><li data-section-id=\"sglr7t\" data-start=\"919\" data-end=\"940\"><p data-start=\"921\" data-end=\"940\">Depolama Tanklar\u0131<\/p><\/li><li data-section-id=\"14n2wr2\" data-start=\"941\" data-end=\"952\"><p data-start=\"943\" data-end=\"952\">Silolar<\/p><\/li><li data-section-id=\"eqmkpp\" data-start=\"953\" data-end=\"979\"><p data-start=\"955\" data-end=\"979\">End\u00fcstriyel Ekipmanlar<\/p><\/li><\/ul>\t\t\t\t\t\t\t\t<\/div>\n\t\t\t\t<\/div>\n\t\t\t\t\t<\/div>\n\t\t\t\t<\/div>\n\t\t<div class=\"elementor-element elementor-element-c473449 e-flex e-con-boxed e-con e-parent\" data-id=\"c473449\" data-element_type=\"container\" data-e-type=\"container\" data-settings=\"{&quot;background_background&quot;:&quot;classic&quot;}\">\n\t\t\t\t\t<div class=\"e-con-inner\">\n\t\t<div class=\"elementor-element elementor-element-dd5d2a0 e-con-full e-flex e-con e-child\" data-id=\"dd5d2a0\" data-element_type=\"container\" data-e-type=\"container\" data-settings=\"{&quot;background_background&quot;:&quot;classic&quot;}\">\n\t\t<div class=\"elementor-element elementor-element-54c4cc3 e-con-full e-flex e-con e-child\" data-id=\"54c4cc3\" data-element_type=\"container\" data-e-type=\"container\" data-settings=\"{&quot;background_background&quot;:&quot;classic&quot;}\">\n\t\t\t\t<div class=\"elementor-element elementor-element-1335eed elementor-widget elementor-widget-image\" data-id=\"1335eed\" data-element_type=\"widget\" data-e-type=\"widget\" data-widget_type=\"image.default\">\n\t\t\t\t\t\t\t\t\t\t\t\t\t\t\t<img decoding=\"async\" src=\"https:\/\/progemmakina.com\/wp-content\/uploads\/2025\/12\/hardwarestore-quoteicon.svg\" title=\"\" alt=\"\" loading=\"lazy\" \/>\t\t\t\t\t\t\t\t\t\t\t\t\t\t\t<\/div>\n\t\t\t\t<div class=\"elementor-element elementor-element-1bb61b5 elementor-widget elementor-widget-heading\" data-id=\"1bb61b5\" data-element_type=\"widget\" data-e-type=\"widget\" data-widget_type=\"heading.default\">\n\t\t\t\t\t<h4 class=\"elementor-heading-title elementor-size-default\">\ud83d\udfe9 4. \u00d6ZEL \u00dcRET\u0130M &amp; M\u00dcHEND\u0130SL\u0130K<\/h4>\t\t\t\t<\/div>\n\t\t\t\t<\/div>\n\t\t\t\t<\/div>\n\t\t<div class=\"elementor-element elementor-element-3303c95 e-con-full e-flex e-con e-child\" data-id=\"3303c95\" data-element_type=\"container\" data-e-type=\"container\" data-settings=\"{&quot;background_background&quot;:&quot;classic&quot;}\">\n\t\t\t\t<div class=\"elementor-element elementor-element-9e097f3 elementor-widget elementor-widget-text-editor\" data-id=\"9e097f3\" data-element_type=\"widget\" data-e-type=\"widget\" data-widget_type=\"text-editor.default\">\n\t\t\t\t\t\t\t\t\t<ul><li data-section-id=\"1d1vew7\" data-start=\"1022\" data-end=\"1048\"><p data-start=\"1024\" data-end=\"1048\">\u00d6zel Makina \u0130malatlar\u0131<\/p><\/li><li data-section-id=\"150kmbk\" data-start=\"1049\" data-end=\"1084\"><p data-start=\"1051\" data-end=\"1084\">Kar\u0131\u015ft\u0131r\u0131c\u0131 &amp; Mikser Sistemleri<\/p><\/li><li data-section-id=\"ckb404\" data-start=\"1085\" data-end=\"1107\"><p data-start=\"1087\" data-end=\"1107\">Lazer Vibrat\u00f6rleri<\/p><\/li><li data-section-id=\"14sdm9k\" data-start=\"1108\" data-end=\"1138\"><p data-start=\"1110\" data-end=\"1138\">Boylama &amp; Eleme Sistemleri<\/p><\/li><li data-section-id=\"1mtkue5\" data-start=\"1139\" data-end=\"1168\"><p data-start=\"1141\" data-end=\"1168\">Dan\u0131\u015fmanl\u0131k &amp; M\u00fchendislik<\/p><\/li><\/ul>\t\t\t\t\t\t\t\t<\/div>\n\t\t\t\t<\/div>\n\t\t\t\t\t<\/div>\n\t\t\t\t<\/div>\n\t\t<div class=\"elementor-element elementor-element-4b3bba3f e-flex e-con-boxed e-con e-parent\" data-id=\"4b3bba3f\" data-element_type=\"container\" data-e-type=\"container\" data-settings=\"{&quot;background_background&quot;:&quot;classic&quot;}\">\n\t\t\t\t\t<div class=\"e-con-inner\">\n\t\t<div class=\"elementor-element elementor-element-1171a7ab e-con-full e-flex e-con e-child\" data-id=\"1171a7ab\" data-element_type=\"container\" data-e-type=\"container\">\n\t\t\t\t<div class=\"elementor-element elementor-element-339eb95 elementor-widget elementor-widget-image\" data-id=\"339eb95\" data-element_type=\"widget\" data-e-type=\"widget\" data-widget_type=\"image.default\">\n\t\t\t\t\t\t\t\t\t\t\t\t\t\t\t<img decoding=\"async\" width=\"1000\" height=\"1000\" src=\"https:\/\/progemmakina.com\/wp-content\/uploads\/2026\/03\/Untitled-20260319-231600-5727.png\" class=\"attachment-large size-large wp-image-889\" alt=\"\" srcset=\"https:\/\/progemmakina.com\/wp-content\/uploads\/2026\/03\/Untitled-20260319-231600-5727.png 1000w, https:\/\/progemmakina.com\/wp-content\/uploads\/2026\/03\/Untitled-20260319-231600-5727-500x500.png 500w, https:\/\/progemmakina.com\/wp-content\/uploads\/2026\/03\/Untitled-20260319-231600-5727-300x300.png 300w, https:\/\/progemmakina.com\/wp-content\/uploads\/2026\/03\/Untitled-20260319-231600-5727-768x768.png 768w, https:\/\/progemmakina.com\/wp-content\/uploads\/2026\/03\/Untitled-20260319-231600-5727-150x150.png 150w, https:\/\/progemmakina.com\/wp-content\/uploads\/2026\/03\/Untitled-20260319-231600-5727-75x75.png 75w, https:\/\/progemmakina.com\/wp-content\/uploads\/2026\/03\/Untitled-20260319-231600-5727-700x700.png 700w\" sizes=\"(max-width:767px) 700px, (max-width:1000px) 100vw, 1000px\" \/>\t\t\t\t\t\t\t\t\t\t\t\t\t\t\t<\/div>\n\t\t\t\t<\/div>\n\t\t<div class=\"elementor-element elementor-element-41917d95 e-con-full e-flex e-con e-child\" data-id=\"41917d95\" data-element_type=\"container\" data-e-type=\"container\">\n\t\t\t\t<div class=\"elementor-element elementor-element-277b6767 elementor-widget elementor-widget-heading\" data-id=\"277b6767\" data-element_type=\"widget\" data-e-type=\"widget\" data-widget_type=\"heading.default\">\n\t\t\t\t\t<h3 class=\"elementor-heading-title elementor-size-default\">\u00dcretim S\u00fcre\u00e7lerinizi Daha Verimli Hale Getirin<\/h3>\t\t\t\t<\/div>\n\t\t\t\t<div class=\"elementor-element elementor-element-405786f0 elementor-widget elementor-widget-text-editor\" data-id=\"405786f0\" data-element_type=\"widget\" data-e-type=\"widget\" data-widget_type=\"text-editor.default\">\n\t\t\t\t\t\t\t\t\t<p data-start=\"372\" data-end=\"503\">Progem Makina, \u00fcretim hatlar\u0131n\u0131z\u0131 optimize eden \u00f6zel \u00e7\u00f6mler sunar.<br data-start=\"343\" data-end=\"346\" \/>Y\u00fcksek kalite paslanmaz malzeme, m\u00fchendislik g\u00fcc\u00fc ve tecr\u00fcbe ile maksimum verim elde etmenizi sa\u011flar.<\/p>\t\t\t\t\t\t\t\t<\/div>\n\t\t\t\t<div class=\"elementor-element elementor-element-1a19ee54 elementor-align-left elementor-widget elementor-widget-button\" data-id=\"1a19ee54\" data-element_type=\"widget\" data-e-type=\"widget\" data-widget_type=\"button.default\">\n\t\t\t\t\t\t\t\t\t\t<a class=\"elementor-button elementor-button-link elementor-size-sm\" href=\"https:\/\/progemmakina.com\/index.php\/contact#con\">\n\t\t\t\t\t\t<span class=\"elementor-button-content-wrapper\">\n\t\t\t\t\t\t\t\t\t<span class=\"elementor-button-text\">Teklif Al<\/span>\n\t\t\t\t\t<\/span>\n\t\t\t\t\t<\/a>\n\t\t\t\t\t\t\t\t<\/div>\n\t\t\t\t<\/div>\n\t\t\t\t\t<\/div>\n\t\t\t\t<\/div>\n\t\t\t\t<\/div>\n\t\t","protected":false},"excerpt":{"rendered":"<p>Faaliyet Alanlar\u0131m\u0131z: Sekt\u00f6rel Uzmanl\u0131k ve \u00c7\u00f6z\u00fcm G\u00fcc\u00fc \u2714\ufe0f G\u0131da \u0130\u015fleme Sistemleri \u2714\ufe0f Kimya ve End\u00fcstriyel Tesisler \u2714\ufe0f \u00d6zel Proje \u00dcretimleri Farkl\u0131 sekt\u00f6rlere \u00f6zel, y\u00fcksek verimli ve<span class=\"excerpt-hellip\"> [\u2026]<\/span><\/p>\n","protected":false},"author":1,"featured_media":0,"parent":0,"menu_order":0,"comment_status":"open","ping_status":"closed","template":"","meta":{"footnotes":""},"class_list":["post-1072","page","type-page","status-publish","hentry"],"_links":{"self":[{"href":"https:\/\/progemmakina.com\/index.php\/wp-json\/wp\/v2\/pages\/1072","targetHints":{"allow":["GET"]}}],"collection":[{"href":"https:\/\/progemmakina.com\/index.php\/wp-json\/wp\/v2\/pages"}],"about":[{"href":"https:\/\/progemmakina.com\/index.php\/wp-json\/wp\/v2\/types\/page"}],"author":[{"embeddable":true,"href":"https:\/\/progemmakina.com\/index.php\/wp-json\/wp\/v2\/users\/1"}],"replies":[{"embeddable":true,"href":"https:\/\/progemmakina.com\/index.php\/wp-json\/wp\/v2\/comments?post=1072"}],"version-history":[{"count":4,"href":"https:\/\/progemmakina.com\/index.php\/wp-json\/wp\/v2\/pages\/1072\/revisions"}],"predecessor-version":[{"id":1076,"href":"https:\/\/progemmakina.com\/index.php\/wp-json\/wp\/v2\/pages\/1072\/revisions\/1076"}],"wp:attachment":[{"href":"https:\/\/progemmakina.com\/index.php\/wp-json\/wp\/v2\/media?parent=1072"}],"curies":[{"name":"wp","href":"https:\/\/api.w.org\/{rel}","templated":true}]}}