{"id":957,"date":"2026-03-20T01:13:42","date_gmt":"2026-03-19T22:13:42","guid":{"rendered":"https:\/\/progemmakina.com\/?page_id=957"},"modified":"2026-03-20T01:19:21","modified_gmt":"2026-03-19T22:19:21","slug":"aspiratorlu-sarsak-elek","status":"publish","type":"page","link":"https:\/\/progemmakina.com\/index.php\/aspiratorlu-sarsak-elek\/","title":{"rendered":"Aspirat\u00f6rl\u00fc Sarsak Elek"},"content":{"rendered":"\t\t<div data-elementor-type=\"wp-page\" data-elementor-id=\"957\" class=\"elementor elementor-957\">\n\t\t\t\t<div class=\"elementor-element elementor-element-4c23730 e-flex e-con-boxed e-con e-parent\" data-id=\"4c23730\" data-element_type=\"container\" data-e-type=\"container\" data-settings=\"{&quot;background_background&quot;:&quot;classic&quot;}\">\n\t\t\t\t\t<div class=\"e-con-inner\">\n\t\t<div class=\"elementor-element elementor-element-8ffc026 e-con-full e-flex e-con e-child\" data-id=\"8ffc026\" data-element_type=\"container\" data-e-type=\"container\" data-settings=\"{&quot;background_background&quot;:&quot;classic&quot;}\">\n\t\t\t\t<div class=\"elementor-element elementor-element-98f92eb elementor-widget elementor-widget-heading\" data-id=\"98f92eb\" data-element_type=\"widget\" data-e-type=\"widget\" data-widget_type=\"heading.default\">\n\t\t\t\t\t<h1 class=\"elementor-heading-title elementor-size-default\">Aspirat\u00f6rl\u00fc Sarsak Elek<\/h1>\t\t\t\t<\/div>\n\t\t\t\t<div class=\"elementor-element elementor-element-2cbcbcd elementor-widget elementor-widget-heading\" data-id=\"2cbcbcd\" data-element_type=\"widget\" data-e-type=\"widget\" data-widget_type=\"heading.default\">\n\t\t\t\t\t<h3 class=\"elementor-heading-title elementor-size-default\">Y\u00fcksek Verimli Ay\u0131klama ve Temizleme Sistemi<\/h3>\t\t\t\t<\/div>\n\t\t\t\t<\/div>\n\t\t\t\t\t<\/div>\n\t\t\t\t<\/div>\n\t\t<div class=\"elementor-element elementor-element-e7f9d3c e-flex e-con-boxed e-con e-parent\" data-id=\"e7f9d3c\" data-element_type=\"container\" data-e-type=\"container\" data-settings=\"{&quot;background_background&quot;:&quot;classic&quot;}\">\n\t\t\t\t\t<div class=\"e-con-inner\">\n\t\t<div class=\"elementor-element elementor-element-0a748d1 e-con-full e-flex e-con e-child\" data-id=\"0a748d1\" data-element_type=\"container\" data-e-type=\"container\">\n\t\t\t\t<div class=\"elementor-element elementor-element-cb823e3 elementor-widget__width-initial elementor-widget elementor-widget-image\" data-id=\"cb823e3\" data-element_type=\"widget\" data-e-type=\"widget\" data-widget_type=\"image.default\">\n\t\t\t\t\t\t\t\t\t\t\t\t\t\t\t<img fetchpriority=\"high\" decoding=\"async\" width=\"1200\" height=\"900\" src=\"https:\/\/progemmakina.com\/wp-content\/uploads\/2026\/03\/Untitled-20260319-160603-1380-1200x900.jpg\" class=\"attachment-large size-large wp-image-959\" alt=\"\" srcset=\"https:\/\/progemmakina.com\/wp-content\/uploads\/2026\/03\/Untitled-20260319-160603-1380-1200x900.jpg 1200w, https:\/\/progemmakina.com\/wp-content\/uploads\/2026\/03\/Untitled-20260319-160603-1380-500x375.jpg 500w, https:\/\/progemmakina.com\/wp-content\/uploads\/2026\/03\/Untitled-20260319-160603-1380-300x225.jpg 300w, https:\/\/progemmakina.com\/wp-content\/uploads\/2026\/03\/Untitled-20260319-160603-1380-768x576.jpg 768w, https:\/\/progemmakina.com\/wp-content\/uploads\/2026\/03\/Untitled-20260319-160603-1380-100x75.jpg 100w, https:\/\/progemmakina.com\/wp-content\/uploads\/2026\/03\/Untitled-20260319-160603-1380-700x525.jpg 700w\" sizes=\"(max-width:767px) 700px, (max-width:1200px) 100vw, 1200px\" \/>\t\t\t\t\t\t\t\t\t\t\t\t\t\t\t<\/div>\n\t\t<div class=\"elementor-element elementor-element-f2197dd e-con-full e-flex e-con e-child\" data-id=\"f2197dd\" data-element_type=\"container\" data-e-type=\"container\">\n\t\t\t\t<div class=\"elementor-element elementor-element-4891da1 elementor-widget elementor-widget-heading\" data-id=\"4891da1\" data-element_type=\"widget\" data-e-type=\"widget\" data-widget_type=\"heading.default\">\n\t\t\t\t\t<h3 class=\"elementor-heading-title elementor-size-default\">Hafif yabanc\u0131 maddelerin ayr\u0131\u015ft\u0131r\u0131lmas\u0131n\u0131 sa\u011flayan, aspirat\u00f6r destekli y\u00fcksek verimli eleme sistemi.<\/h3>\t\t\t\t<\/div>\n\t\t\t\t<div class=\"elementor-element elementor-element-f555539 elementor-widget elementor-widget-text-editor\" data-id=\"f555539\" data-element_type=\"widget\" data-e-type=\"widget\" data-widget_type=\"text-editor.default\">\n\t\t\t\t\t\t\t\t\t<p data-start=\"215\" data-end=\"371\">Aspirat\u00f6rl\u00fc Sarsak Elek, \u00fcr\u00fcn i\u00e7erisindeki sap, \u00e7\u00f6p ve hafif yabanc\u0131 maddelerin etkin bir \u015fekilde ayr\u0131\u015ft\u0131r\u0131lmas\u0131n\u0131 sa\u011flayan geli\u015fmi\u015f bir eleme sistemidir.<\/p><p data-start=\"373\" data-end=\"528\">Vibrasyonlu sarsak yap\u0131s\u0131 ve entegre aspirat\u00f6r sistemi sayesinde, \u00fcr\u00fcn ile istenmeyen hafif partik\u00fcller ayr\u0131larak temiz ve homojen bir sonu\u00e7 elde edilir.<\/p><p data-start=\"530\" data-end=\"685\">T\u00fcm sistem, \u00fcr\u00fcn tipine ve kapasite ihtiyac\u0131na g\u00f6re \u00f6zel olarak tasarlanmakta olup, g\u0131da \u00fcretimine uygun 304 kalite paslanmaz \u00e7elikten imal edilmektedir.<\/p><p data-start=\"687\" data-end=\"806\">Y\u00fcksek performans, kolay temizlik ve uzun \u00f6m\u00fcrl\u00fc kullan\u0131m \u00f6zellikleri ile \u00fcretim hatlar\u0131nda maksimum verimlilik sa\u011flar.<\/p>\t\t\t\t\t\t\t\t<\/div>\n\t\t\t\t<\/div>\n\t\t\t\t<\/div>\n\t\t\t\t\t<\/div>\n\t\t\t\t<\/div>\n\t\t<div class=\"elementor-element elementor-element-91547d1 e-flex e-con-boxed e-con e-parent\" data-id=\"91547d1\" data-element_type=\"container\" data-e-type=\"container\" data-settings=\"{&quot;background_background&quot;:&quot;classic&quot;}\">\n\t\t\t\t\t<div class=\"e-con-inner\">\n\t\t<div class=\"elementor-element elementor-element-2a6d081 e-con-full e-flex e-con e-child\" data-id=\"2a6d081\" data-element_type=\"container\" data-e-type=\"container\">\n\t\t\t\t<div class=\"elementor-element elementor-element-3fd9c0a elementor-widget elementor-widget-heading\" data-id=\"3fd9c0a\" data-element_type=\"widget\" data-e-type=\"widget\" data-widget_type=\"heading.default\">\n\t\t\t\t\t<h3 class=\"elementor-heading-title elementor-size-default\">Projeniz \u0130\u00e7in Do\u011fru \u00c7\u00f6z\u00fcm Orta\u011f\u0131n\u0131 Se\u00e7in<\/h3>\t\t\t\t<\/div>\n\t\t\t\t<div class=\"elementor-element elementor-element-ee81211 elementor-widget elementor-widget-text-editor\" data-id=\"ee81211\" data-element_type=\"widget\" data-e-type=\"widget\" data-widget_type=\"text-editor.default\">\n\t\t\t\t\t\t\t\t\t<p>Progem Makina, \u00fcretim s\u00fcre\u00e7lerinizi optimize eden \u00f6zel makina ve hat \u00e7\u00f6z\u00fcmleri sunar.<br data-start=\"350\" data-end=\"353\" \/>\u0130htiyac\u0131n\u0131za en uygun sistemi birlikte planlayal\u0131m.<\/p>\t\t\t\t\t\t\t\t<\/div>\n\t\t\t\t<div class=\"elementor-element elementor-element-e2b8149 elementor-align-center elementor-widget elementor-widget-button\" data-id=\"e2b8149\" data-element_type=\"widget\" data-e-type=\"widget\" data-widget_type=\"button.default\">\n\t\t\t\t\t\t\t\t\t\t<a class=\"elementor-button elementor-button-link elementor-size-sm\" href=\"https:\/\/progemmakina.com\/index.php\/contact#con\">\n\t\t\t\t\t\t<span class=\"elementor-button-content-wrapper\">\n\t\t\t\t\t\t\t\t\t<span class=\"elementor-button-text\">Teklif Al<\/span>\n\t\t\t\t\t<\/span>\n\t\t\t\t\t<\/a>\n\t\t\t\t\t\t\t\t<\/div>\n\t\t\t\t<\/div>\n\t\t\t\t\t<\/div>\n\t\t\t\t<\/div>\n\t\t<div class=\"elementor-element elementor-element-3705e8b6 e-flex e-con-boxed e-con e-parent\" data-id=\"3705e8b6\" data-element_type=\"container\" data-e-type=\"container\" data-settings=\"{&quot;background_background&quot;:&quot;classic&quot;}\">\n\t\t\t\t\t<div class=\"e-con-inner\">\n\t\t<div class=\"elementor-element elementor-element-19cc678f e-con-full e-flex e-con e-child\" data-id=\"19cc678f\" data-element_type=\"container\" data-e-type=\"container\" data-settings=\"{&quot;background_background&quot;:&quot;classic&quot;}\">\n\t\t<div class=\"elementor-element elementor-element-5706dd47 e-con-full e-flex e-con e-child\" data-id=\"5706dd47\" data-element_type=\"container\" data-e-type=\"container\" data-settings=\"{&quot;background_background&quot;:&quot;classic&quot;}\">\n\t\t\t\t<div class=\"elementor-element elementor-element-2e5eb31 elementor-widget elementor-widget-image\" data-id=\"2e5eb31\" data-element_type=\"widget\" data-e-type=\"widget\" data-widget_type=\"image.default\">\n\t\t\t\t\t\t\t\t\t\t\t\t\t\t\t<img decoding=\"async\" src=\"https:\/\/progemmakina.com\/wp-content\/uploads\/2025\/12\/hardwarestore-quoteicon.svg\" title=\"\" alt=\"\" loading=\"lazy\" \/>\t\t\t\t\t\t\t\t\t\t\t\t\t\t\t<\/div>\n\t\t\t\t<div class=\"elementor-element elementor-element-33fef700 elementor-widget elementor-widget-heading\" data-id=\"33fef700\" data-element_type=\"widget\" data-e-type=\"widget\" data-widget_type=\"heading.default\">\n\t\t\t\t\t<h4 class=\"elementor-heading-title elementor-size-default\">Neden Progem Makina?<\/h4>\t\t\t\t<\/div>\n\t\t\t\t<div class=\"elementor-element elementor-element-157ebaee elementor-widget elementor-widget-heading\" data-id=\"157ebaee\" data-element_type=\"widget\" data-e-type=\"widget\" data-widget_type=\"heading.default\">\n\t\t\t\t\t<p class=\"elementor-heading-title elementor-size-default\">50+ Y\u0131ll\u0131k Tecr\u00fcbe<\/p>\t\t\t\t<\/div>\n\t\t\t\t<\/div>\n\t\t\t\t<\/div>\n\t\t<div class=\"elementor-element elementor-element-6b4fd088 e-con-full e-flex e-con e-child\" data-id=\"6b4fd088\" data-element_type=\"container\" data-e-type=\"container\" data-settings=\"{&quot;background_background&quot;:&quot;classic&quot;}\">\n\t\t\t\t<div class=\"elementor-element elementor-element-b0b52af elementor-widget elementor-widget-text-editor\" data-id=\"b0b52af\" data-element_type=\"widget\" data-e-type=\"widget\" data-widget_type=\"text-editor.default\">\n\t\t\t\t\t\t\t\t\t<p data-start=\"583\" data-end=\"758\"><strong data-start=\"583\" data-end=\"600\">Progem Makina<\/strong>, g\u0131da, kimya ve end\u00fcstriyel \u00fcretim alanlar\u0131nda uzun y\u0131llara dayanan tecr\u00fcbesi ile m\u00fc\u015fterilerine y\u00fcksek verimlilik ve s\u00fcrd\u00fcr\u00fclebilir \u00fcretim \u00e7\u00f6z\u00fcmleri sunar.<\/p><p data-start=\"760\" data-end=\"899\">Projeye \u00f6zel makina tasar\u0131m\u0131, kaliteli paslanmaz \u00e7elik kullan\u0131m\u0131 ve g\u00fc\u00e7l\u00fc teknik servis altyap\u0131s\u0131 ile \u00fcretim s\u00fcre\u00e7lerinizi optimize eder.<\/p><p data-start=\"901\" data-end=\"1042\">Her projeyi bir i\u015f ortakl\u0131\u011f\u0131 olarak g\u00f6ren yakla\u015f\u0131m\u0131m\u0131z sayesinde, ihtiya\u00e7lar\u0131n\u0131za en uygun sistemi tasarlar ve uzun vadeli \u00e7\u00f6z\u00fcmler \u00fcretiriz.<\/p><h3 data-section-id=\"1yrxnjb\" data-start=\"1131\" data-end=\"1153\">\u2714\ufe0f Avantaj Listesi<\/h3><ul data-start=\"1155\" data-end=\"1358\"><li data-section-id=\"byr5bq\" data-start=\"1155\" data-end=\"1194\"><p data-start=\"1157\" data-end=\"1194\">\u2714\ufe0f 304 &amp; 316 Paslanmaz \u00c7elik \u00dcretim<\/p><\/li><li data-section-id=\"17lurs2\" data-start=\"1195\" data-end=\"1228\"><p data-start=\"1197\" data-end=\"1228\">\u2714\ufe0f \u00d6zel Proje ve Hat Tasar\u0131m\u0131<\/p><\/li><li data-section-id=\"13aixf8\" data-start=\"1229\" data-end=\"1270\"><p data-start=\"1231\" data-end=\"1270\">\u2714\ufe0f Uluslararas\u0131 Standartlara Uygunluk<\/p><\/li><li data-section-id=\"1ibz1ta\" data-start=\"1271\" data-end=\"1313\"><p data-start=\"1273\" data-end=\"1313\">\u2714\ufe0f S\u00fcrekli Teknik Servis &amp; Yedek Par\u00e7a<\/p><\/li><li data-section-id=\"1jgpl7e\" data-start=\"1314\" data-end=\"1358\"><p data-start=\"1316\" data-end=\"1358\">\u2714\ufe0f G\u0131da ve Kimya Sekt\u00f6r\u00fcne \u00d6zel \u00c7\u00f6z\u00fcmler<\/p><\/li><\/ul>\t\t\t\t\t\t\t\t<\/div>\n\t\t\t\t<\/div>\n\t\t\t\t\t<\/div>\n\t\t\t\t<\/div>\n\t\t<div class=\"elementor-element elementor-element-4b3bba3f e-flex e-con-boxed e-con e-parent\" data-id=\"4b3bba3f\" data-element_type=\"container\" data-e-type=\"container\" data-settings=\"{&quot;background_background&quot;:&quot;classic&quot;}\">\n\t\t\t\t\t<div class=\"e-con-inner\">\n\t\t<div class=\"elementor-element elementor-element-1171a7ab e-con-full e-flex e-con e-child\" data-id=\"1171a7ab\" data-element_type=\"container\" data-e-type=\"container\">\n\t\t\t\t<div class=\"elementor-element elementor-element-339eb95 elementor-widget elementor-widget-image\" data-id=\"339eb95\" data-element_type=\"widget\" data-e-type=\"widget\" data-widget_type=\"image.default\">\n\t\t\t\t\t\t\t\t\t\t\t\t\t\t\t<img decoding=\"async\" width=\"1000\" height=\"1000\" src=\"https:\/\/progemmakina.com\/wp-content\/uploads\/2026\/03\/Untitled-20260319-231600-5727.png\" class=\"attachment-large size-large wp-image-889\" alt=\"\" srcset=\"https:\/\/progemmakina.com\/wp-content\/uploads\/2026\/03\/Untitled-20260319-231600-5727.png 1000w, https:\/\/progemmakina.com\/wp-content\/uploads\/2026\/03\/Untitled-20260319-231600-5727-500x500.png 500w, https:\/\/progemmakina.com\/wp-content\/uploads\/2026\/03\/Untitled-20260319-231600-5727-300x300.png 300w, https:\/\/progemmakina.com\/wp-content\/uploads\/2026\/03\/Untitled-20260319-231600-5727-768x768.png 768w, https:\/\/progemmakina.com\/wp-content\/uploads\/2026\/03\/Untitled-20260319-231600-5727-150x150.png 150w, https:\/\/progemmakina.com\/wp-content\/uploads\/2026\/03\/Untitled-20260319-231600-5727-75x75.png 75w, https:\/\/progemmakina.com\/wp-content\/uploads\/2026\/03\/Untitled-20260319-231600-5727-700x700.png 700w\" sizes=\"(max-width:767px) 700px, (max-width:1000px) 100vw, 1000px\" \/>\t\t\t\t\t\t\t\t\t\t\t\t\t\t\t<\/div>\n\t\t\t\t<\/div>\n\t\t<div class=\"elementor-element elementor-element-41917d95 e-con-full e-flex e-con e-child\" data-id=\"41917d95\" data-element_type=\"container\" data-e-type=\"container\">\n\t\t\t\t<div class=\"elementor-element elementor-element-277b6767 elementor-widget elementor-widget-heading\" data-id=\"277b6767\" data-element_type=\"widget\" data-e-type=\"widget\" data-widget_type=\"heading.default\">\n\t\t\t\t\t<h3 class=\"elementor-heading-title elementor-size-default\">\u00dcretim S\u00fcre\u00e7lerinizi Daha Verimli Hale Getirin<\/h3>\t\t\t\t<\/div>\n\t\t\t\t<div class=\"elementor-element elementor-element-405786f0 elementor-widget elementor-widget-text-editor\" data-id=\"405786f0\" data-element_type=\"widget\" data-e-type=\"widget\" data-widget_type=\"text-editor.default\">\n\t\t\t\t\t\t\t\t\t<p data-start=\"372\" data-end=\"503\">Progem Makina, \u00fcretim hatlar\u0131n\u0131z\u0131 optimize eden \u00f6zel \u00e7\u00f6mler sunar.<br data-start=\"343\" data-end=\"346\" \/>Y\u00fcksek kalite paslanmaz malzeme, m\u00fchendislik g\u00fcc\u00fc ve tecr\u00fcbe ile maksimum verim elde etmenizi sa\u011flar.<\/p>\t\t\t\t\t\t\t\t<\/div>\n\t\t\t\t<div class=\"elementor-element elementor-element-1a19ee54 elementor-align-left elementor-widget elementor-widget-button\" data-id=\"1a19ee54\" data-element_type=\"widget\" data-e-type=\"widget\" data-widget_type=\"button.default\">\n\t\t\t\t\t\t\t\t\t\t<a class=\"elementor-button elementor-button-link elementor-size-sm\" href=\"https:\/\/progemmakina.com\/index.php\/contact#con\">\n\t\t\t\t\t\t<span class=\"elementor-button-content-wrapper\">\n\t\t\t\t\t\t\t\t\t<span class=\"elementor-button-text\">Teklif Al<\/span>\n\t\t\t\t\t<\/span>\n\t\t\t\t\t<\/a>\n\t\t\t\t\t\t\t\t<\/div>\n\t\t\t\t<\/div>\n\t\t\t\t\t<\/div>\n\t\t\t\t<\/div>\n\t\t\t\t<\/div>\n\t\t","protected":false},"excerpt":{"rendered":"<p>Aspirat\u00f6rl\u00fc Sarsak Elek Y\u00fcksek Verimli Ay\u0131klama ve Temizleme Sistemi Hafif yabanc\u0131 maddelerin ayr\u0131\u015ft\u0131r\u0131lmas\u0131n\u0131 sa\u011flayan, aspirat\u00f6r destekli y\u00fcksek verimli eleme sistemi. Aspirat\u00f6rl\u00fc Sarsak Elek, \u00fcr\u00fcn i\u00e7erisindeki sap,<span class=\"excerpt-hellip\"> [\u2026]<\/span><\/p>\n","protected":false},"author":1,"featured_media":0,"parent":0,"menu_order":0,"comment_status":"open","ping_status":"closed","template":"","meta":{"footnotes":""},"class_list":["post-957","page","type-page","status-publish","hentry"],"_links":{"self":[{"href":"https:\/\/progemmakina.com\/index.php\/wp-json\/wp\/v2\/pages\/957","targetHints":{"allow":["GET"]}}],"collection":[{"href":"https:\/\/progemmakina.com\/index.php\/wp-json\/wp\/v2\/pages"}],"about":[{"href":"https:\/\/progemmakina.com\/index.php\/wp-json\/wp\/v2\/types\/page"}],"author":[{"embeddable":true,"href":"https:\/\/progemmakina.com\/index.php\/wp-json\/wp\/v2\/users\/1"}],"replies":[{"embeddable":true,"href":"https:\/\/progemmakina.com\/index.php\/wp-json\/wp\/v2\/comments?post=957"}],"version-history":[{"count":7,"href":"https:\/\/progemmakina.com\/index.php\/wp-json\/wp\/v2\/pages\/957\/revisions"}],"predecessor-version":[{"id":973,"href":"https:\/\/progemmakina.com\/index.php\/wp-json\/wp\/v2\/pages\/957\/revisions\/973"}],"wp:attachment":[{"href":"https:\/\/progemmakina.com\/index.php\/wp-json\/wp\/v2\/media?parent=957"}],"curies":[{"name":"wp","href":"https:\/\/api.w.org\/{rel}","templated":true}]}}