{"id":980,"date":"2026-03-20T01:22:19","date_gmt":"2026-03-19T22:22:19","guid":{"rendered":"https:\/\/progemmakina.com\/?page_id=980"},"modified":"2026-03-20T01:28:53","modified_gmt":"2026-03-19T22:28:53","slug":"hava-jet-fanli-su-atma-sarsak-elek","status":"publish","type":"page","link":"https:\/\/progemmakina.com\/index.php\/hava-jet-fanli-su-atma-sarsak-elek\/","title":{"rendered":"Hava Jet Fanl\u0131 Su Atma Sarsak Elek"},"content":{"rendered":"\t\t<div data-elementor-type=\"wp-page\" data-elementor-id=\"980\" class=\"elementor elementor-980\">\n\t\t\t\t<div class=\"elementor-element elementor-element-4c23730 e-flex e-con-boxed e-con e-parent\" data-id=\"4c23730\" data-element_type=\"container\" data-e-type=\"container\" data-settings=\"{&quot;background_background&quot;:&quot;classic&quot;}\">\n\t\t\t\t\t<div class=\"e-con-inner\">\n\t\t<div class=\"elementor-element elementor-element-8ffc026 e-con-full e-flex e-con e-child\" data-id=\"8ffc026\" data-element_type=\"container\" data-e-type=\"container\" data-settings=\"{&quot;background_background&quot;:&quot;classic&quot;}\">\n\t\t\t\t<div class=\"elementor-element elementor-element-98f92eb elementor-widget elementor-widget-heading\" data-id=\"98f92eb\" data-element_type=\"widget\" data-e-type=\"widget\" data-widget_type=\"heading.default\">\n\t\t\t\t\t<h1 class=\"elementor-heading-title elementor-size-default\">Hava Jet Fanl\u0131 Su Atma Sarsak Elek<\/h1>\t\t\t\t<\/div>\n\t\t\t\t<div class=\"elementor-element elementor-element-2cbcbcd elementor-widget elementor-widget-heading\" data-id=\"2cbcbcd\" data-element_type=\"widget\" data-e-type=\"widget\" data-widget_type=\"heading.default\">\n\t\t\t\t\t<h3 class=\"elementor-heading-title elementor-size-default\">Etkili Kurutma ve Su Giderme Sistemi<\/h3>\t\t\t\t<\/div>\n\t\t\t\t<\/div>\n\t\t\t\t\t<\/div>\n\t\t\t\t<\/div>\n\t\t<div class=\"elementor-element elementor-element-e7f9d3c e-flex e-con-boxed e-con e-parent\" data-id=\"e7f9d3c\" data-element_type=\"container\" data-e-type=\"container\" data-settings=\"{&quot;background_background&quot;:&quot;classic&quot;}\">\n\t\t\t\t\t<div class=\"e-con-inner\">\n\t\t<div class=\"elementor-element elementor-element-0a748d1 e-con-full e-flex e-con e-child\" data-id=\"0a748d1\" data-element_type=\"container\" data-e-type=\"container\">\n\t\t\t\t<div class=\"elementor-element elementor-element-cb823e3 elementor-widget__width-initial elementor-widget elementor-widget-image\" data-id=\"cb823e3\" data-element_type=\"widget\" data-e-type=\"widget\" data-widget_type=\"image.default\">\n\t\t\t\t\t\t\t\t\t\t\t\t\t\t\t<img fetchpriority=\"high\" decoding=\"async\" width=\"1200\" height=\"900\" src=\"https:\/\/progemmakina.com\/wp-content\/uploads\/2026\/03\/Untitled-20260319-160527-0531-1200x900.jpg\" class=\"attachment-large size-large wp-image-981\" alt=\"Hava Jet Fanl\u0131 Su Atma Sarsak Elek\" srcset=\"https:\/\/progemmakina.com\/wp-content\/uploads\/2026\/03\/Untitled-20260319-160527-0531-1200x900.jpg 1200w, https:\/\/progemmakina.com\/wp-content\/uploads\/2026\/03\/Untitled-20260319-160527-0531-500x375.jpg 500w, https:\/\/progemmakina.com\/wp-content\/uploads\/2026\/03\/Untitled-20260319-160527-0531-300x225.jpg 300w, https:\/\/progemmakina.com\/wp-content\/uploads\/2026\/03\/Untitled-20260319-160527-0531-768x576.jpg 768w, https:\/\/progemmakina.com\/wp-content\/uploads\/2026\/03\/Untitled-20260319-160527-0531-100x75.jpg 100w, https:\/\/progemmakina.com\/wp-content\/uploads\/2026\/03\/Untitled-20260319-160527-0531-700x525.jpg 700w\" sizes=\"(max-width:767px) 700px, (max-width:1200px) 100vw, 1200px\" \/>\t\t\t\t\t\t\t\t\t\t\t\t\t\t\t<\/div>\n\t\t<div class=\"elementor-element elementor-element-f2197dd e-con-full e-flex e-con e-child\" data-id=\"f2197dd\" data-element_type=\"container\" data-e-type=\"container\">\n\t\t\t\t<div class=\"elementor-element elementor-element-4891da1 elementor-widget elementor-widget-heading\" data-id=\"4891da1\" data-element_type=\"widget\" data-e-type=\"widget\" data-widget_type=\"heading.default\">\n\t\t\t\t\t<h3 class=\"elementor-heading-title elementor-size-default\">Y\u0131kama sonras\u0131 \u00fcr\u00fcn \u00fczerindeki fazla suyu uzakla\u015ft\u0131ran, fan destekli kurutma sistemi.<\/h3>\t\t\t\t<\/div>\n\t\t\t\t<div class=\"elementor-element elementor-element-f555539 elementor-widget elementor-widget-text-editor\" data-id=\"f555539\" data-element_type=\"widget\" data-e-type=\"widget\" data-widget_type=\"text-editor.default\">\n\t\t\t\t\t\t\t\t\t<p data-start=\"179\" data-end=\"349\">Hava Jet Fanl\u0131 Su Atma Sarsak Elek, y\u0131kama i\u015fleminden \u00e7\u0131kan \u00fcr\u00fcnlerin \u00fczerindeki fazla suyun h\u0131zl\u0131 ve etkili bir \u015fekilde uzakla\u015ft\u0131r\u0131lmas\u0131n\u0131 sa\u011flayan kurutma sistemidir.<\/p><p data-start=\"351\" data-end=\"506\">Fan destekli hava jetleri sayesinde \u00fcr\u00fcn y\u00fczeyindeki su damlac\u0131klar\u0131 uzakla\u015ft\u0131r\u0131l\u0131rken, vibrasyonlu sarsak yap\u0131 ile \u00fcr\u00fcn dengeli bir \u015fekilde ilerletilir.<\/p><p data-start=\"508\" data-end=\"643\">\u00dcst k\u0131sm\u0131nda yer alan paslanmaz elek sistemi, kolay s\u00f6k\u00fcl\u00fcp tak\u0131labilen yap\u0131s\u0131 ile temizlik ve bak\u0131m a\u00e7\u0131s\u0131ndan b\u00fcy\u00fck kolayl\u0131k sa\u011flar.<\/p><p data-start=\"645\" data-end=\"844\">Farkl\u0131 \u00fcr\u00fcn gruplar\u0131na ve kapasite ihtiya\u00e7lar\u0131na uygun olarak \u00f6zel \u00f6l\u00e7\u00fclerde \u00fcretilebilen sistem, tamamen 304 kalite paslanmaz \u00e7elikten imal edilmektedir ve \u00fcretim hatt\u0131nda maksimum verimlilik sunar.<\/p>\t\t\t\t\t\t\t\t<\/div>\n\t\t\t\t<\/div>\n\t\t\t\t<\/div>\n\t\t\t\t\t<\/div>\n\t\t\t\t<\/div>\n\t\t<div class=\"elementor-element elementor-element-91547d1 e-flex e-con-boxed e-con e-parent\" data-id=\"91547d1\" data-element_type=\"container\" data-e-type=\"container\" data-settings=\"{&quot;background_background&quot;:&quot;classic&quot;}\">\n\t\t\t\t\t<div class=\"e-con-inner\">\n\t\t<div class=\"elementor-element elementor-element-2a6d081 e-con-full e-flex e-con e-child\" data-id=\"2a6d081\" data-element_type=\"container\" data-e-type=\"container\">\n\t\t\t\t<div class=\"elementor-element elementor-element-3fd9c0a elementor-widget elementor-widget-heading\" data-id=\"3fd9c0a\" data-element_type=\"widget\" data-e-type=\"widget\" data-widget_type=\"heading.default\">\n\t\t\t\t\t<h3 class=\"elementor-heading-title elementor-size-default\">Projeniz \u0130\u00e7in Do\u011fru \u00c7\u00f6z\u00fcm Orta\u011f\u0131n\u0131 Se\u00e7in<\/h3>\t\t\t\t<\/div>\n\t\t\t\t<div class=\"elementor-element elementor-element-ee81211 elementor-widget elementor-widget-text-editor\" data-id=\"ee81211\" data-element_type=\"widget\" data-e-type=\"widget\" data-widget_type=\"text-editor.default\">\n\t\t\t\t\t\t\t\t\t<p>Progem Makina, \u00fcretim s\u00fcre\u00e7lerinizi optimize eden \u00f6zel makina ve hat \u00e7\u00f6z\u00fcmleri sunar.<br data-start=\"350\" data-end=\"353\" \/>\u0130htiyac\u0131n\u0131za en uygun sistemi birlikte planlayal\u0131m.<\/p>\t\t\t\t\t\t\t\t<\/div>\n\t\t\t\t<div class=\"elementor-element elementor-element-e2b8149 elementor-align-center elementor-widget elementor-widget-button\" data-id=\"e2b8149\" data-element_type=\"widget\" data-e-type=\"widget\" data-widget_type=\"button.default\">\n\t\t\t\t\t\t\t\t\t\t<a class=\"elementor-button elementor-button-link elementor-size-sm\" href=\"https:\/\/progemmakina.com\/index.php\/contact#con\">\n\t\t\t\t\t\t<span class=\"elementor-button-content-wrapper\">\n\t\t\t\t\t\t\t\t\t<span class=\"elementor-button-text\">Teklif Al<\/span>\n\t\t\t\t\t<\/span>\n\t\t\t\t\t<\/a>\n\t\t\t\t\t\t\t\t<\/div>\n\t\t\t\t<\/div>\n\t\t\t\t\t<\/div>\n\t\t\t\t<\/div>\n\t\t<div class=\"elementor-element elementor-element-3705e8b6 e-flex e-con-boxed e-con e-parent\" data-id=\"3705e8b6\" data-element_type=\"container\" data-e-type=\"container\" data-settings=\"{&quot;background_background&quot;:&quot;classic&quot;}\">\n\t\t\t\t\t<div class=\"e-con-inner\">\n\t\t<div class=\"elementor-element elementor-element-19cc678f e-con-full e-flex e-con e-child\" data-id=\"19cc678f\" data-element_type=\"container\" data-e-type=\"container\" data-settings=\"{&quot;background_background&quot;:&quot;classic&quot;}\">\n\t\t<div class=\"elementor-element elementor-element-5706dd47 e-con-full e-flex e-con e-child\" data-id=\"5706dd47\" data-element_type=\"container\" data-e-type=\"container\" data-settings=\"{&quot;background_background&quot;:&quot;classic&quot;}\">\n\t\t\t\t<div class=\"elementor-element elementor-element-2e5eb31 elementor-widget elementor-widget-image\" data-id=\"2e5eb31\" data-element_type=\"widget\" data-e-type=\"widget\" data-widget_type=\"image.default\">\n\t\t\t\t\t\t\t\t\t\t\t\t\t\t\t<img decoding=\"async\" src=\"https:\/\/progemmakina.com\/wp-content\/uploads\/2025\/12\/hardwarestore-quoteicon.svg\" title=\"\" alt=\"\" loading=\"lazy\" \/>\t\t\t\t\t\t\t\t\t\t\t\t\t\t\t<\/div>\n\t\t\t\t<div class=\"elementor-element elementor-element-33fef700 elementor-widget elementor-widget-heading\" data-id=\"33fef700\" data-element_type=\"widget\" data-e-type=\"widget\" data-widget_type=\"heading.default\">\n\t\t\t\t\t<h4 class=\"elementor-heading-title elementor-size-default\">Neden Progem Makina?<\/h4>\t\t\t\t<\/div>\n\t\t\t\t<div class=\"elementor-element elementor-element-157ebaee elementor-widget elementor-widget-heading\" data-id=\"157ebaee\" data-element_type=\"widget\" data-e-type=\"widget\" data-widget_type=\"heading.default\">\n\t\t\t\t\t<p class=\"elementor-heading-title elementor-size-default\">50+ Y\u0131ll\u0131k Tecr\u00fcbe<\/p>\t\t\t\t<\/div>\n\t\t\t\t<\/div>\n\t\t\t\t<\/div>\n\t\t<div class=\"elementor-element elementor-element-6b4fd088 e-con-full e-flex e-con e-child\" data-id=\"6b4fd088\" data-element_type=\"container\" data-e-type=\"container\" data-settings=\"{&quot;background_background&quot;:&quot;classic&quot;}\">\n\t\t\t\t<div class=\"elementor-element elementor-element-b0b52af elementor-widget elementor-widget-text-editor\" data-id=\"b0b52af\" data-element_type=\"widget\" data-e-type=\"widget\" data-widget_type=\"text-editor.default\">\n\t\t\t\t\t\t\t\t\t<p data-start=\"583\" data-end=\"758\"><strong data-start=\"583\" data-end=\"600\">Progem Makina<\/strong>, g\u0131da, kimya ve end\u00fcstriyel \u00fcretim alanlar\u0131nda uzun y\u0131llara dayanan tecr\u00fcbesi ile m\u00fc\u015fterilerine y\u00fcksek verimlilik ve s\u00fcrd\u00fcr\u00fclebilir \u00fcretim \u00e7\u00f6z\u00fcmleri sunar.<\/p><p data-start=\"760\" data-end=\"899\">Projeye \u00f6zel makina tasar\u0131m\u0131, kaliteli paslanmaz \u00e7elik kullan\u0131m\u0131 ve g\u00fc\u00e7l\u00fc teknik servis altyap\u0131s\u0131 ile \u00fcretim s\u00fcre\u00e7lerinizi optimize eder.<\/p><p data-start=\"901\" data-end=\"1042\">Her projeyi bir i\u015f ortakl\u0131\u011f\u0131 olarak g\u00f6ren yakla\u015f\u0131m\u0131m\u0131z sayesinde, ihtiya\u00e7lar\u0131n\u0131za en uygun sistemi tasarlar ve uzun vadeli \u00e7\u00f6z\u00fcmler \u00fcretiriz.<\/p><h3 data-section-id=\"1yrxnjb\" data-start=\"1131\" data-end=\"1153\">\u2714\ufe0f Avantaj Listesi<\/h3><ul data-start=\"1155\" data-end=\"1358\"><li data-section-id=\"byr5bq\" data-start=\"1155\" data-end=\"1194\"><p data-start=\"1157\" data-end=\"1194\">\u2714\ufe0f 304 &amp; 316 Paslanmaz \u00c7elik \u00dcretim<\/p><\/li><li data-section-id=\"17lurs2\" data-start=\"1195\" data-end=\"1228\"><p data-start=\"1197\" data-end=\"1228\">\u2714\ufe0f \u00d6zel Proje ve Hat Tasar\u0131m\u0131<\/p><\/li><li data-section-id=\"13aixf8\" data-start=\"1229\" data-end=\"1270\"><p data-start=\"1231\" data-end=\"1270\">\u2714\ufe0f Uluslararas\u0131 Standartlara Uygunluk<\/p><\/li><li data-section-id=\"1ibz1ta\" data-start=\"1271\" data-end=\"1313\"><p data-start=\"1273\" data-end=\"1313\">\u2714\ufe0f S\u00fcrekli Teknik Servis &amp; Yedek Par\u00e7a<\/p><\/li><li data-section-id=\"1jgpl7e\" data-start=\"1314\" data-end=\"1358\"><p data-start=\"1316\" data-end=\"1358\">\u2714\ufe0f G\u0131da ve Kimya Sekt\u00f6r\u00fcne \u00d6zel \u00c7\u00f6z\u00fcmler<\/p><\/li><\/ul>\t\t\t\t\t\t\t\t<\/div>\n\t\t\t\t<\/div>\n\t\t\t\t\t<\/div>\n\t\t\t\t<\/div>\n\t\t<div class=\"elementor-element elementor-element-4b3bba3f e-flex e-con-boxed e-con e-parent\" data-id=\"4b3bba3f\" data-element_type=\"container\" data-e-type=\"container\" data-settings=\"{&quot;background_background&quot;:&quot;classic&quot;}\">\n\t\t\t\t\t<div class=\"e-con-inner\">\n\t\t<div class=\"elementor-element elementor-element-1171a7ab e-con-full e-flex e-con e-child\" data-id=\"1171a7ab\" data-element_type=\"container\" data-e-type=\"container\">\n\t\t\t\t<div class=\"elementor-element elementor-element-339eb95 elementor-widget elementor-widget-image\" data-id=\"339eb95\" data-element_type=\"widget\" data-e-type=\"widget\" data-widget_type=\"image.default\">\n\t\t\t\t\t\t\t\t\t\t\t\t\t\t\t<img decoding=\"async\" width=\"1000\" height=\"1000\" src=\"https:\/\/progemmakina.com\/wp-content\/uploads\/2026\/03\/Untitled-20260319-231600-5727.png\" class=\"attachment-large size-large wp-image-889\" alt=\"\" srcset=\"https:\/\/progemmakina.com\/wp-content\/uploads\/2026\/03\/Untitled-20260319-231600-5727.png 1000w, https:\/\/progemmakina.com\/wp-content\/uploads\/2026\/03\/Untitled-20260319-231600-5727-500x500.png 500w, https:\/\/progemmakina.com\/wp-content\/uploads\/2026\/03\/Untitled-20260319-231600-5727-300x300.png 300w, https:\/\/progemmakina.com\/wp-content\/uploads\/2026\/03\/Untitled-20260319-231600-5727-768x768.png 768w, https:\/\/progemmakina.com\/wp-content\/uploads\/2026\/03\/Untitled-20260319-231600-5727-150x150.png 150w, https:\/\/progemmakina.com\/wp-content\/uploads\/2026\/03\/Untitled-20260319-231600-5727-75x75.png 75w, https:\/\/progemmakina.com\/wp-content\/uploads\/2026\/03\/Untitled-20260319-231600-5727-700x700.png 700w\" sizes=\"(max-width:767px) 700px, (max-width:1000px) 100vw, 1000px\" \/>\t\t\t\t\t\t\t\t\t\t\t\t\t\t\t<\/div>\n\t\t\t\t<\/div>\n\t\t<div class=\"elementor-element elementor-element-41917d95 e-con-full e-flex e-con e-child\" data-id=\"41917d95\" data-element_type=\"container\" data-e-type=\"container\">\n\t\t\t\t<div class=\"elementor-element elementor-element-277b6767 elementor-widget elementor-widget-heading\" data-id=\"277b6767\" data-element_type=\"widget\" data-e-type=\"widget\" data-widget_type=\"heading.default\">\n\t\t\t\t\t<h3 class=\"elementor-heading-title elementor-size-default\">\u00dcretim S\u00fcre\u00e7lerinizi Daha Verimli Hale Getirin<\/h3>\t\t\t\t<\/div>\n\t\t\t\t<div class=\"elementor-element elementor-element-405786f0 elementor-widget elementor-widget-text-editor\" data-id=\"405786f0\" data-element_type=\"widget\" data-e-type=\"widget\" data-widget_type=\"text-editor.default\">\n\t\t\t\t\t\t\t\t\t<p data-start=\"372\" data-end=\"503\">Progem Makina, \u00fcretim hatlar\u0131n\u0131z\u0131 optimize eden \u00f6zel \u00e7\u00f6mler sunar.<br data-start=\"343\" data-end=\"346\" \/>Y\u00fcksek kalite paslanmaz malzeme, m\u00fchendislik g\u00fcc\u00fc ve tecr\u00fcbe ile maksimum verim elde etmenizi sa\u011flar.<\/p>\t\t\t\t\t\t\t\t<\/div>\n\t\t\t\t<div class=\"elementor-element elementor-element-1a19ee54 elementor-align-left elementor-widget elementor-widget-button\" data-id=\"1a19ee54\" data-element_type=\"widget\" data-e-type=\"widget\" data-widget_type=\"button.default\">\n\t\t\t\t\t\t\t\t\t\t<a class=\"elementor-button elementor-button-link elementor-size-sm\" href=\"https:\/\/progemmakina.com\/index.php\/contact#con\">\n\t\t\t\t\t\t<span class=\"elementor-button-content-wrapper\">\n\t\t\t\t\t\t\t\t\t<span class=\"elementor-button-text\">Teklif Al<\/span>\n\t\t\t\t\t<\/span>\n\t\t\t\t\t<\/a>\n\t\t\t\t\t\t\t\t<\/div>\n\t\t\t\t<\/div>\n\t\t\t\t\t<\/div>\n\t\t\t\t<\/div>\n\t\t\t\t<\/div>\n\t\t","protected":false},"excerpt":{"rendered":"<p>Hava Jet Fanl\u0131 Su Atma Sarsak Elek Etkili Kurutma ve Su Giderme Sistemi Y\u0131kama sonras\u0131 \u00fcr\u00fcn \u00fczerindeki fazla suyu uzakla\u015ft\u0131ran, fan destekli kurutma sistemi. Hava Jet<span class=\"excerpt-hellip\"> [\u2026]<\/span><\/p>\n","protected":false},"author":1,"featured_media":0,"parent":0,"menu_order":0,"comment_status":"open","ping_status":"closed","template":"","meta":{"footnotes":""},"class_list":["post-980","page","type-page","status-publish","hentry"],"_links":{"self":[{"href":"https:\/\/progemmakina.com\/index.php\/wp-json\/wp\/v2\/pages\/980","targetHints":{"allow":["GET"]}}],"collection":[{"href":"https:\/\/progemmakina.com\/index.php\/wp-json\/wp\/v2\/pages"}],"about":[{"href":"https:\/\/progemmakina.com\/index.php\/wp-json\/wp\/v2\/types\/page"}],"author":[{"embeddable":true,"href":"https:\/\/progemmakina.com\/index.php\/wp-json\/wp\/v2\/users\/1"}],"replies":[{"embeddable":true,"href":"https:\/\/progemmakina.com\/index.php\/wp-json\/wp\/v2\/comments?post=980"}],"version-history":[{"count":7,"href":"https:\/\/progemmakina.com\/index.php\/wp-json\/wp\/v2\/pages\/980\/revisions"}],"predecessor-version":[{"id":989,"href":"https:\/\/progemmakina.com\/index.php\/wp-json\/wp\/v2\/pages\/980\/revisions\/989"}],"wp:attachment":[{"href":"https:\/\/progemmakina.com\/index.php\/wp-json\/wp\/v2\/media?parent=980"}],"curies":[{"name":"wp","href":"https:\/\/api.w.org\/{rel}","templated":true}]}}